{"id":3792,"date":"2025-12-24T17:06:37","date_gmt":"2025-12-24T17:06:37","guid":{"rendered":"https:\/\/www.eagleschool.cl\/?page_id=3792"},"modified":"2025-12-24T17:06:39","modified_gmt":"2025-12-24T17:06:39","slug":"proceso-de-matricula-2026","status":"publish","type":"page","link":"https:\/\/www.eagleschool.cl\/?page_id=3792","title":{"rendered":"PROCESO DE MATRICULA 2026"},"content":{"rendered":"\n<p>\u00a0<\/p>\n<p>Estimado apoderado, para que Ud. pueda realizar proceso de matricula debe tener en conocimiento la siguiente informaci\u00f3n y\u00a0<b><u>documentos obligatorios a presentar tanto para apoderados nuevos y antiguos.<\/u><\/b><\/p>\n<p>\u00a0<\/p>\n<ol start=\"1\">\n<li><span role=\"presentation\">Concurrir a oficina de Contabilidad ubicado en piso N\u00b03 por ascensor.<\/span><\/li>\n<li><span role=\"presentation\">Presentar\u00a0<b>Contrato Educacional rellenado y firmado por sostenedor econ\u00f3mico<\/b>, este documento se descarga directo de la plataforma de Full College.<\/span><\/li>\n<li><span role=\"presentation\">Debe presentar adem\u00e1s\u00a0<b>fotocopia de cedula de identidad y comprobante de domicilio de<\/b>\u00a0s<b>ostenedor econ\u00f3mico.<\/b><\/span><\/li>\n<li><span role=\"presentation\">Pagar matricula\u00a0<b>$304.500 (solo alumnos nuevos)<\/b><\/span><\/li>\n<li><span role=\"presentation\">Pagar 30% de mensualidad de marzo 2026.<\/span><\/li>\n<\/ol>\n<table cellspacing=\"0\" cellpadding=\"0\">\n<tbody>\n<tr>\n<td>\n<p><b>Nivel escolar 2026<\/b><\/p>\n<\/td>\n<td>\n<p><b>Mensualidad<\/b><\/p>\n<\/td>\n<td>\n<p><b>30% de marzo<\/b><\/p>\n<\/td>\n<\/tr>\n<tr>\n<td>\n<p>Transici\u00f3n menor y mayor<\/p>\n<\/td>\n<td>\n<p>253.000<\/p>\n<\/td>\n<td>\n<p>75.900<\/p>\n<\/td>\n<\/tr>\n<tr>\n<td>\n<p>1\u00b0 a 4\u00b0 b\u00e1sico<\/p>\n<\/td>\n<td>\n<p>337.750<\/p>\n<\/td>\n<td>\n<p>101.325<\/p>\n<\/td>\n<\/tr>\n<tr>\n<td>\n<p>5\u00b0 a 8\u00b0 b\u00e1sico<\/p>\n<\/td>\n<td>\n<p>347.750<\/p>\n<\/td>\n<td>\n<p>104.325<\/p>\n<\/td>\n<\/tr>\n<tr>\n<td>\n<p>I\u00b0 a III\u00b0 medio<\/p>\n<\/td>\n<td>\n<p>355.250<\/p>\n<\/td>\n<td>\n<p>106.575<\/p>\n<\/td>\n<\/tr>\n<tr>\n<td>\n<p>IV\u00b0 medio<\/p>\n<\/td>\n<td>\n<p>394.722<\/p>\n<\/td>\n<td>\n<p>118.417<\/p>\n<\/td>\n<\/tr>\n<\/tbody>\n<\/table>\n<p><b><i>\u00a0<\/i><\/b><\/p>\n<p><b><u>Datos de transferencia, solo para pago de 30%.<\/u><\/b><\/p>\n<p>Fundaci\u00f3n Educacional Eaglehurst<\/p>\n<p>Rut: 65.154.484-K<\/p>\n<p>Banco BCI \u2013 Cuenta Corriente N\u00b0 32825463.\u00a0<u>(considerar que es cuenta nueva)<\/u><\/p>\n<p>Correo:\u00a0<u><a id=\"m_7946336279730813945OWA7a4e7bc6-d0bd-fcd5-ed37-089b78b66a97\" href=\"mailto:Pagos@eagleschool.cl\" target=\"_blank\" rel=\"noopener\">Pagos@eagleschool.cl<\/a><\/u>\u00a0(<b>Escribir nombre, apellido de alumno y motivo de pago y\/o a\u00f1o de colegiatura<\/b>)<\/p>\n<p>\u00a0<\/p>\n<ol start=\"6\">\n<li><span role=\"presentation\">Realizar proceso de pago autom\u00e1tico PAC O PAT, debe ir a secci\u00f3n de pago, en link de Transbank\u00a0<b>debe pre cargar su tarjeta bancaria (debito o cr\u00e9dito) la cual debe contar con numeraci\u00f3n de tarjeta, fecha de vencimiento, y c\u00f3digo que va en parte posterior a su tarjeta el cual es de 3 d\u00edgitos y continuar con el proceso<\/b>, este m\u00e9todo le permitir\u00e1 asociar su tarjeta para el cobro autom\u00e1tico de mensualidad de nuestro establecimiento educacional, el cual cobrara el valor asociado a nivel escolar de su pupilo,\u00a0<b>con fecha 05 de cada mes como lo indica su contrato educacional.<\/b><\/span><\/li>\n<li><span role=\"presentation\">Se recuerda que anualidad 2025 se divide en 9 o 10 cuotas las cuales deben estar pagadas al momento de realizar proceso de matricula.<\/span><\/li>\n<\/ol>\n<p><b><i><u>No se encontrara matriculado su alumno(a) si no presenta la documentaci\u00f3n indicada y cumple con los requisitos solicitados.<\/u><\/i><\/b><\/p>\n<p><b><u>Medios de contacto:<\/u><\/b><\/p>\n<p>Fono: 55-2-468601 \/ 55-2-468600<\/p>\n<p>Correo:\u00a0<u><a id=\"m_7946336279730813945OWA021998ca-0e98-c1c4-e8f6-22b553840035\" href=\"mailto:Pagos@eagleschool.cl\" target=\"_blank\" rel=\"noopener\">Pagos@eagleschool.cl<\/a><\/u>\u00a0\/\u00a0<u><a id=\"m_7946336279730813945OWAd87c586a-1ade-eb99-8699-fc7f9ccfd47b\" href=\"mailto:secretaria@eagleschool.co.cl\" target=\"_blank\" rel=\"noopener\">secretaria@eagleschool.co.cl<\/a><\/u><\/p>\n<p><b>Horario de atenci\u00f3n:\u00a0<u>Lunes a Viernes<\/u>\u00a0de 08:30 a 12:30 y luego 15:15 a 18:00 horas.<\/b><\/p>\n<p>\u00a0<\/p>\n<p><a href=\"https:\/\/www.eagleschool.cl\/wp-content\/uploads\/2025\/12\/PROCESO-DE-MATRICULA-2026-2.pdf\">M\u00c1S INFORMACION DEL PROCESO DE MATRICULA 2026<\/a><\/p>\n\n\n","protected":false},"excerpt":{"rendered":"<p>\u00a0 Estimado apoderado, para que Ud. pueda realizar proceso de matricula debe tener en conocimiento la siguiente informaci\u00f3n y\u00a0documentos obligatorios a presentar tanto para apoderados nuevos y antiguos. \u00a0 Concurrir a oficina de Contabilidad ubicado en piso N\u00b03 por ascensor. Presentar\u00a0Contrato Educacional rellenado y firmado por sostenedor econ\u00f3mico, este documento se descarga directo de la <a href=\"https:\/\/www.eagleschool.cl\/?page_id=3792\" rel=\"nofollow\"><span class=\"sr-only\">Read more about PROCESO DE MATRICULA 2026<\/span>[&hellip;]<\/a><\/p>\n","protected":false},"author":1,"featured_media":3749,"parent":0,"menu_order":0,"comment_status":"closed","ping_status":"closed","template":"","meta":{"footnotes":""},"class_list":["post-3792","page","type-page","status-publish","has-post-thumbnail","hentry"],"wppr_data":[],"_links":{"self":[{"href":"https:\/\/www.eagleschool.cl\/index.php?rest_route=\/wp\/v2\/pages\/3792","targetHints":{"allow":["GET"]}}],"collection":[{"href":"https:\/\/www.eagleschool.cl\/index.php?rest_route=\/wp\/v2\/pages"}],"about":[{"href":"https:\/\/www.eagleschool.cl\/index.php?rest_route=\/wp\/v2\/types\/page"}],"author":[{"embeddable":true,"href":"https:\/\/www.eagleschool.cl\/index.php?rest_route=\/wp\/v2\/users\/1"}],"replies":[{"embeddable":true,"href":"https:\/\/www.eagleschool.cl\/index.php?rest_route=%2Fwp%2Fv2%2Fcomments&post=3792"}],"version-history":[{"count":1,"href":"https:\/\/www.eagleschool.cl\/index.php?rest_route=\/wp\/v2\/pages\/3792\/revisions"}],"predecessor-version":[{"id":3794,"href":"https:\/\/www.eagleschool.cl\/index.php?rest_route=\/wp\/v2\/pages\/3792\/revisions\/3794"}],"wp:featuredmedia":[{"embeddable":true,"href":"https:\/\/www.eagleschool.cl\/index.php?rest_route=\/wp\/v2\/media\/3749"}],"wp:attachment":[{"href":"https:\/\/www.eagleschool.cl\/index.php?rest_route=%2Fwp%2Fv2%2Fmedia&parent=3792"}],"curies":[{"name":"wp","href":"https:\/\/api.w.org\/{rel}","templated":true}]}}